{"id":128,"date":"2026-05-04T15:04:37","date_gmt":"2026-05-04T15:04:37","guid":{"rendered":"https:\/\/guide.amperemusee.fr\/batiment-a\/"},"modified":"2026-05-11T20:50:19","modified_gmt":"2026-05-11T20:50:19","slug":"batiment-a","status":"publish","type":"page","link":"https:\/\/guide.amperemusee.fr\/en\/batiment-a\/","title":{"rendered":"B\u00e2timent A &#8211; Amp\u00e8re : vie et d\u00e9couvertes"},"content":{"rendered":"\n<h3 class=\"wp-block-heading\">Sens de la visite<\/h3>\n\n\n\n<h4 class=\"wp-block-heading\">Rez de chauss\u00e9e<\/h4>\n\n\n\n<figure class=\"wp-block-image aligncenter size-full\"><img decoding=\"async\" src=\"https:\/\/guide.amperemusee.fr\/wp-content\/uploads\/2026\/05\/plan-batimentA_rdcv2-2.png\" alt=\"b\u00e2timent A - plan du RdC\" class=\"wp-image-84\"\/><\/figure>\n\n\n\n<div class=\"wp-block-group is-content-justification-center is-nowrap is-layout-flex wp-container-core-group-is-layout-95a4a7e2 wp-block-group-is-layout-flex\" style=\"margin-top:0;margin-bottom:0;padding-top:0;padding-bottom:0\">\n<figure class=\"wp-block-image alignleft size-full has-custom-border wp-container-content-e1bb55cb\"><a href=\"https:\/\/guide.amperemusee.fr\/batiment-a\/salle-a1\/\"><img loading=\"lazy\" decoding=\"async\" width=\"100\" height=\"61\" src=\"https:\/\/guide.amperemusee.fr\/wp-content\/uploads\/2026\/05\/image-1-e1778022076261.png\" alt=\"\" class=\"wp-image-106\" style=\"border-style:none;border-width:0px;border-top-left-radius:50%;border-top-right-radius:50%;border-bottom-left-radius:50%;border-bottom-right-radius:50%;box-shadow:var(--wp--preset--shadow--outlined)\"\/><\/a><\/figure>\n\n\n\n<h5 class=\"wp-block-heading\">A1 &#8211; Avant Amp\u00e8re<\/h5>\n<\/div>\n\n\n\n<div class=\"wp-block-group is-content-justification-center is-nowrap is-layout-flex wp-container-core-group-is-layout-95a4a7e2 wp-block-group-is-layout-flex\" style=\"margin-top:0;margin-bottom:0;padding-top:0;padding-bottom:0\">\n<figure class=\"wp-block-image alignleft size-full has-custom-border wp-container-content-e1bb55cb\"><a href=\"https:\/\/guide.amperemusee.fr\/batiment-a\/salle-a2\/\"><img loading=\"lazy\" decoding=\"async\" width=\"100\" height=\"61\" src=\"https:\/\/guide.amperemusee.fr\/wp-content\/uploads\/2026\/05\/image-1-e1778022076261.png\" alt=\"\" class=\"wp-image-106\" style=\"border-style:none;border-width:0px;border-top-left-radius:50%;border-top-right-radius:50%;border-bottom-left-radius:50%;border-bottom-right-radius:50%;box-shadow:var(--wp--preset--shadow--outlined)\"\/><\/a><\/figure>\n\n\n\n<h5 class=\"wp-block-heading\">A2 &#8211; Dans la maison d&#8217;Amp\u00e8re<\/h5>\n<\/div>\n\n\n\n<h4 class=\"wp-block-heading\">1<sup>er<\/sup> \u00e9tage<\/h4>\n\n\n\n<figure class=\"wp-block-image aligncenter size-full\"><img loading=\"lazy\" decoding=\"async\" width=\"695\" height=\"415\" src=\"https:\/\/guide.amperemusee.fr\/wp-content\/uploads\/2026\/05\/plan-batimentA_1erv2-2.png\" alt=\"B\u00e2timent A - 1er \u00e9tage\" class=\"wp-image-92\" srcset=\"https:\/\/guide.amperemusee.fr\/wp-content\/uploads\/2026\/05\/plan-batimentA_1erv2-2.png 695w, https:\/\/guide.amperemusee.fr\/wp-content\/uploads\/2026\/05\/plan-batimentA_1erv2-2-300x179.png 300w\" sizes=\"auto, (max-width: 695px) 100vw, 695px\" \/><\/figure>\n\n\n\n<div class=\"wp-block-group is-content-justification-center is-nowrap is-layout-flex wp-container-core-group-is-layout-95a4a7e2 wp-block-group-is-layout-flex\" style=\"margin-top:0;margin-bottom:0;padding-top:0;padding-bottom:0\">\n<figure class=\"wp-block-image alignleft size-full has-custom-border wp-container-content-e1bb55cb\"><a href=\"https:\/\/guide.amperemusee.fr\/batiment-a\/salle-a3\/\"><img loading=\"lazy\" decoding=\"async\" width=\"100\" height=\"61\" src=\"https:\/\/guide.amperemusee.fr\/wp-content\/uploads\/2026\/05\/image-1-e1778022076261.png\" alt=\"\" class=\"wp-image-106\" style=\"border-style:none;border-width:0px;border-top-left-radius:50%;border-top-right-radius:50%;border-bottom-left-radius:50%;border-bottom-right-radius:50%;box-shadow:var(--wp--preset--shadow--outlined)\"\/><\/a><\/figure>\n\n\n\n<h5 class=\"wp-block-heading\">A3 &#8211; Amp\u00e8re \/ D\u00e9couvertes 1<\/h5>\n<\/div>\n\n\n\n<div class=\"wp-block-group is-content-justification-center is-nowrap is-layout-flex wp-container-core-group-is-layout-95a4a7e2 wp-block-group-is-layout-flex\" style=\"margin-top:0;margin-bottom:0;padding-top:0;padding-bottom:0\">\n<figure class=\"wp-block-image alignleft size-full has-custom-border wp-container-content-e1bb55cb\"><a href=\"https:\/\/guide.amperemusee.fr\/batiment-a\/salle-a4\/\"><img loading=\"lazy\" decoding=\"async\" width=\"100\" height=\"61\" src=\"https:\/\/guide.amperemusee.fr\/wp-content\/uploads\/2026\/05\/image-1-e1778022076261.png\" alt=\"\" class=\"wp-image-106\" style=\"border-style:none;border-width:0px;border-top-left-radius:50%;border-top-right-radius:50%;border-bottom-left-radius:50%;border-bottom-right-radius:50%;box-shadow:var(--wp--preset--shadow--outlined)\"\/><\/a><\/figure>\n\n\n\n<h5 class=\"wp-block-heading\">A4 &#8211; Amp\u00e8re D\u00e9couvertes 2<\/h5>\n<\/div>\n\n\n\n<div class=\"wp-block-group is-content-justification-center is-nowrap is-layout-flex wp-container-core-group-is-layout-95a4a7e2 wp-block-group-is-layout-flex\" style=\"margin-top:0;margin-bottom:0;padding-top:0;padding-bottom:0\">\n<figure class=\"wp-block-image alignleft size-full has-custom-border wp-container-content-e1bb55cb\"><a href=\"https:\/\/guide.amperemusee.fr\/batiment-a\/salle-a5\/\"><img loading=\"lazy\" decoding=\"async\" width=\"100\" height=\"61\" src=\"https:\/\/guide.amperemusee.fr\/wp-content\/uploads\/2026\/05\/image-1-e1778022076261.png\" alt=\"\" class=\"wp-image-106\" style=\"border-style:none;border-width:0px;border-top-left-radius:50%;border-top-right-radius:50%;border-bottom-left-radius:50%;border-bottom-right-radius:50%;box-shadow:var(--wp--preset--shadow--outlined)\"\/><\/a><\/figure>\n\n\n\n<h5 class=\"wp-block-heading\">A5 &#8211; Les 3 Amp\u00e8re<\/h5>\n<\/div>\n\n\n\n<div class=\"wp-block-group is-content-justification-center is-nowrap is-layout-flex wp-container-core-group-is-layout-95a4a7e2 wp-block-group-is-layout-flex\" style=\"margin-top:0;margin-bottom:0;padding-top:0;padding-bottom:0\">\n<figure class=\"wp-block-image alignleft size-full has-custom-border wp-container-content-e1bb55cb\"><a href=\"https:\/\/guide.amperemusee.fr\/batiment-a\/salle-a6\/\"><img loading=\"lazy\" decoding=\"async\" width=\"100\" height=\"61\" src=\"https:\/\/guide.amperemusee.fr\/wp-content\/uploads\/2026\/05\/image-1-e1778022076261.png\" alt=\"\" class=\"wp-image-106\" style=\"border-style:none;border-width:0px;border-top-left-radius:50%;border-top-right-radius:50%;border-bottom-left-radius:50%;border-bottom-right-radius:50%;box-shadow:var(--wp--preset--shadow--outlined)\"\/><\/a><\/figure>\n\n\n\n<h5 class=\"wp-block-heading\">A6 &#8211; Amp\u00e8re universel<\/h5>\n<\/div>\n\n\n\n<div class=\"wp-block-group is-content-justification-center is-nowrap is-layout-flex wp-container-core-group-is-layout-95a4a7e2 wp-block-group-is-layout-flex\" style=\"margin-top:0;margin-bottom:0;padding-top:0;padding-bottom:0\">\n<figure class=\"wp-block-image alignleft size-full has-custom-border wp-container-content-e1bb55cb\"><a href=\"https:\/\/guide.amperemusee.fr\/batiment-a\/salle-a7\/\"><img loading=\"lazy\" decoding=\"async\" width=\"100\" height=\"61\" src=\"https:\/\/guide.amperemusee.fr\/wp-content\/uploads\/2026\/05\/image-1-e1778022076261.png\" alt=\"\" class=\"wp-image-106\" style=\"border-style:none;border-width:0px;border-top-left-radius:50%;border-top-right-radius:50%;border-bottom-left-radius:50%;border-bottom-right-radius:50%;box-shadow:var(--wp--preset--shadow--outlined)\"\/><\/a><\/figure>\n\n\n\n<h5 class=\"wp-block-heading\">A7 -Induction \u00e9lectrique<\/h5>\n<\/div>\n\n\n\n<p><\/p>\n","protected":false},"excerpt":{"rendered":"<p>Sens de la visite Rez de chauss\u00e9e A1 &#8211; Avant Amp\u00e8re A2 &#8211; Dans la maison d&#8217;Amp\u00e8re 1er \u00e9tage A3 [&hellip;]<\/p>\n","protected":false},"author":1,"featured_media":0,"parent":0,"menu_order":0,"comment_status":"closed","ping_status":"closed","template":"","meta":{"site-sidebar-layout":"default","site-content-layout":"","ast-site-content-layout":"default","site-content-style":"default","site-sidebar-style":"default","ast-global-header-display":"","ast-banner-title-visibility":"","ast-main-header-display":"","ast-hfb-above-header-display":"","ast-hfb-below-header-display":"","ast-hfb-mobile-header-display":"","site-post-title":"","ast-breadcrumbs-content":"","ast-featured-img":"","footer-sml-layout":"","ast-disable-related-posts":"","theme-transparent-header-meta":"","adv-header-id-meta":"","stick-header-meta":"","header-above-stick-meta":"","header-main-stick-meta":"","header-below-stick-meta":"","astra-migrate-meta-layouts":"default","ast-page-background-enabled":"default","ast-page-background-meta":{"desktop":{"background-color":"var(--ast-global-color-5)","background-image":"","background-repeat":"repeat","background-position":"center center","background-size":"auto","background-attachment":"scroll","background-type":"","background-media":"","overlay-type":"","overlay-color":"","overlay-opacity":"","overlay-gradient":""},"tablet":{"background-color":"","background-image":"","background-repeat":"repeat","background-position":"center center","background-size":"auto","background-attachment":"scroll","background-type":"","background-media":"","overlay-type":"","overlay-color":"","overlay-opacity":"","overlay-gradient":""},"mobile":{"background-color":"","background-image":"","background-repeat":"repeat","background-position":"center center","background-size":"auto","background-attachment":"scroll","background-type":"","background-media":"","overlay-type":"","overlay-color":"","overlay-opacity":"","overlay-gradient":""}},"ast-content-background-meta":{"desktop":{"background-color":"var(--ast-global-color-4)","background-image":"","background-repeat":"repeat","background-position":"center center","background-size":"auto","background-attachment":"scroll","background-type":"","background-media":"","overlay-type":"","overlay-color":"","overlay-opacity":"","overlay-gradient":""},"tablet":{"background-color":"var(--ast-global-color-4)","background-image":"","background-repeat":"repeat","background-position":"center center","background-size":"auto","background-attachment":"scroll","background-type":"","background-media":"","overlay-type":"","overlay-color":"","overlay-opacity":"","overlay-gradient":""},"mobile":{"background-color":"var(--ast-global-color-4)","background-image":"","background-repeat":"repeat","background-position":"center center","background-size":"auto","background-attachment":"scroll","background-type":"","background-media":"","overlay-type":"","overlay-color":"","overlay-opacity":"","overlay-gradient":""}},"footnotes":""},"class_list":["post-128","page","type-page","status-publish","hentry"],"_links":{"self":[{"href":"https:\/\/guide.amperemusee.fr\/en\/wp-json\/wp\/v2\/pages\/128","targetHints":{"allow":["GET"]}}],"collection":[{"href":"https:\/\/guide.amperemusee.fr\/en\/wp-json\/wp\/v2\/pages"}],"about":[{"href":"https:\/\/guide.amperemusee.fr\/en\/wp-json\/wp\/v2\/types\/page"}],"author":[{"embeddable":true,"href":"https:\/\/guide.amperemusee.fr\/en\/wp-json\/wp\/v2\/users\/1"}],"replies":[{"embeddable":true,"href":"https:\/\/guide.amperemusee.fr\/en\/wp-json\/wp\/v2\/comments?post=128"}],"version-history":[{"count":6,"href":"https:\/\/guide.amperemusee.fr\/en\/wp-json\/wp\/v2\/pages\/128\/revisions"}],"predecessor-version":[{"id":471,"href":"https:\/\/guide.amperemusee.fr\/en\/wp-json\/wp\/v2\/pages\/128\/revisions\/471"}],"wp:attachment":[{"href":"https:\/\/guide.amperemusee.fr\/en\/wp-json\/wp\/v2\/media?parent=128"}],"curies":[{"name":"wp","href":"https:\/\/api.w.org\/{rel}","templated":true}]}}